{"id":5619,"date":"2017-09-02T23:30:19","date_gmt":"2017-09-02T23:30:19","guid":{"rendered":"http:\/\/themenectar.com\/demo\/salient-business-2\/?page_id=5619"},"modified":"2024-03-28T07:43:49","modified_gmt":"2024-03-28T07:43:49","slug":"hirek","status":"publish","type":"page","link":"https:\/\/alcotrade.hu\/en\/hirek\/","title":{"rendered":"News and insights"},"content":{"rendered":"<div id=\"fws_69e401d6b954d\"  data-column-margin=\"default\" data-midnight=\"dark\" data-top-percent=\"2%\" data-bottom-percent=\"2%\"  class=\"wpb_row vc_row-fluid vc_row full-width-section\"  style=\"padding-top: calc(100vw * 0.02); padding-bottom: calc(100vw * 0.02); \"><div class=\"row-bg-wrap\" data-bg-animation=\"none\" data-bg-animation-delay=\"\" data-bg-overlay=\"false\"><div class=\"inner-wrap row-bg-layer\" ><div class=\"row-bg viewport-desktop\"  style=\"\"><\/div><\/div><\/div><div class=\"row_col_wrap_12 col span_12 dark left\">\n\t<div  class=\"vc_col-sm-12 wpb_column column_container vc_column_container col no-extra-padding inherit_tablet inherit_phone\"  data-padding-pos=\"all\" data-has-bg-color=\"false\" data-bg-color=\"\" data-bg-opacity=\"1\" data-animation=\"\" data-delay=\"0\" >\n\t\t<div class=\"vc_column-inner\" >\n\t\t\t<div class=\"wpb_wrapper\">\n\t\t\t\t\n    <div class=\"row blog-recent columns-3\" data-style=\"list_featured_first_row\" data-color-scheme=\"light\" data-remove-post-date=\"1\" data-remove-post-author=\"1\" data-remove-post-comment-number=\"1\" data-remove-post-nectar-love=\"1\">\n\n      \n      <div class=\"col span_4 post-6030 post type-post status-publish format-standard has-post-thumbnail category-hirek\" >\n\n        \n            <a class=\"full-post-link\" href=\"https:\/\/alcotrade.hu\/en\/a-szarmazasi-garanciak-kovetkezo-aukcioja-2\/\" aria-label=\"Next auction of the Guarantees of Origins\"><\/a><a class=\"featured\" aria-label=\"Next auction of the Guarantees of Origins\" href=\"https:\/\/alcotrade.hu\/en\/a-szarmazasi-garanciak-kovetkezo-aukcioja-2\/\"><span class=\"img-thumbnail\"><img loading=\"lazy\" decoding=\"async\" width=\"600\" height=\"403\" src=\"https:\/\/alcotrade.hu\/wp-content\/uploads\/2024\/04\/HUPX-GO-600x403.png\" class=\"attachment-portfolio-thumb size-portfolio-thumb wp-post-image\" alt=\"\" title=\"\" srcset=\"https:\/\/alcotrade.hu\/wp-content\/uploads\/2024\/04\/HUPX-GO-600x403.png 600w, https:\/\/alcotrade.hu\/wp-content\/uploads\/2024\/04\/HUPX-GO-400x269.png 400w\" sizes=\"auto, (max-width: 600px) 100vw, 600px\" \/><\/span><\/a>            <div class=\"post-header featured\">\n              <span class=\"meta-category\"><a class=\"hirek\" href=\"https:\/\/alcotrade.hu\/en\/category\/hirek\/\">news<\/a><\/span>              <h3>Next auction of the Guarantees of Origins<\/h3>            <\/div><!--\/post-header-->\n\n            <div class=\"excerpt\">A sz\u00e1rmaz\u00e1si garanci\u00e1k k\u00f6vetkez\u0151 aukci\u00f3j\u00e1ra 2024. j\u00fanius 18-\u00e1n ker\u00fcl sor.<\/div>\n      <\/div><!--\/col-->\n\n      \n      <div class=\"col span_4 post-6003 post type-post status-publish format-standard has-post-thumbnail category-hirek\" >\n\n        \n            <a class=\"full-post-link\" href=\"https:\/\/alcotrade.hu\/en\/a-remit-modositasaval-tovabb-erosodott-a-nagykereskedelmi-energiapiacok-felugyelete\/\" aria-label=\"Revision of REMIT reinforces the market surveillance of the wholesale energy markets\"><\/a><a class=\"featured\" aria-label=\"Revision of REMIT reinforces the market surveillance of the wholesale energy markets\" href=\"https:\/\/alcotrade.hu\/en\/a-remit-modositasaval-tovabb-erosodott-a-nagykereskedelmi-energiapiacok-felugyelete\/\"><span class=\"img-thumbnail\"><img loading=\"lazy\" decoding=\"async\" width=\"600\" height=\"403\" src=\"https:\/\/alcotrade.hu\/wp-content\/uploads\/2024\/02\/ACER-1-600x403.png\" class=\"attachment-portfolio-thumb size-portfolio-thumb wp-post-image\" alt=\"\" title=\"\" srcset=\"https:\/\/alcotrade.hu\/wp-content\/uploads\/2024\/02\/ACER-1-600x403.png 600w, https:\/\/alcotrade.hu\/wp-content\/uploads\/2024\/02\/ACER-1-900x604.png 900w, https:\/\/alcotrade.hu\/wp-content\/uploads\/2024\/02\/ACER-1-400x269.png 400w\" sizes=\"auto, (max-width: 600px) 100vw, 600px\" \/><\/span><\/a>            <div class=\"post-header featured\">\n              <span class=\"meta-category\"><a class=\"hirek\" href=\"https:\/\/alcotrade.hu\/en\/category\/hirek\/\">news<\/a><\/span>              <h3>Revision of REMIT reinforces the market surveillance of the wholesale energy markets<\/h3>            <\/div><!--\/post-header-->\n\n            <div class=\"excerpt\">A REMIT II f\u0151 c\u00e9lja az uni\u00f3s \u00e9s nemzeti szint\u0171 piacfel\u00fcgyeleti rendszerek meger\u0151s\u00edt\u00e9se, a ny\u00edlt \u00e9s tisztess\u00e9ges verseny \u00f6szt\u00f6nz\u00e9se a bels\u0151 villamosenergia- \u00e9s g\u00e1zpiacokon, valamint&hellip;<\/div>\n      <\/div><!--\/col-->\n\n      \n      <div class=\"col span_4 post-6005 post type-post status-publish format-standard has-post-thumbnail category-hirek\" >\n\n        \n            <a class=\"full-post-link\" href=\"https:\/\/alcotrade.hu\/en\/a-szarmazasi-garanciak-kovetkezo-aukcioja\/\" aria-label=\"Next auction of the Guarantees of Origins\"><\/a><a class=\"featured\" aria-label=\"Next auction of the Guarantees of Origins\" href=\"https:\/\/alcotrade.hu\/en\/a-szarmazasi-garanciak-kovetkezo-aukcioja\/\"><span class=\"img-thumbnail\"><img loading=\"lazy\" decoding=\"async\" width=\"600\" height=\"403\" src=\"https:\/\/alcotrade.hu\/wp-content\/uploads\/2024\/04\/HUPX-GO-600x403.png\" class=\"attachment-portfolio-thumb size-portfolio-thumb wp-post-image\" alt=\"\" title=\"\" srcset=\"https:\/\/alcotrade.hu\/wp-content\/uploads\/2024\/04\/HUPX-GO-600x403.png 600w, https:\/\/alcotrade.hu\/wp-content\/uploads\/2024\/04\/HUPX-GO-400x269.png 400w\" sizes=\"auto, (max-width: 600px) 100vw, 600px\" \/><\/span><\/a>            <div class=\"post-header featured\">\n              <span class=\"meta-category\"><a class=\"hirek\" href=\"https:\/\/alcotrade.hu\/en\/category\/hirek\/\">news<\/a><\/span>              <h3>Next auction of the Guarantees of Origins<\/h3>            <\/div><!--\/post-header-->\n\n            <div class=\"excerpt\">A sz\u00e1rmaz\u00e1si garanci\u00e1k k\u00f6vetkez\u0151 aukci\u00f3j\u00e1ra 2024. m\u00e1jus 21-\u00e9n ker\u00fcl sor.<\/div>\n      <\/div><!--\/col-->\n\n      \n      <div class=\"col span_4 post-6025 post type-post status-publish format-standard has-post-thumbnail category-hirek\" >\n\n        \n            <a class=\"full-post-link\" href=\"https:\/\/alcotrade.hu\/en\/a-szarmazasi-garanciak-2024-majus-21-i-aukciojanak-eredmenyei\/\" aria-label=\"Results of the auction of the Guarantees of Origins  on 21st of May\"><\/a><a class=\"small\" aria-label=\"Results of the auction of the Guarantees of Origins  on 21st of May\" href=\"https:\/\/alcotrade.hu\/en\/a-szarmazasi-garanciak-2024-majus-21-i-aukciojanak-eredmenyei\/\"><span class=\"img-thumbnail\"><img loading=\"lazy\" decoding=\"async\" width=\"140\" height=\"140\" src=\"https:\/\/alcotrade.hu\/wp-content\/uploads\/2024\/05\/Market-Results-2-140x140.jpg\" class=\"attachment-nectar_small_square size-nectar_small_square wp-post-image\" alt=\"\" title=\"\" srcset=\"https:\/\/alcotrade.hu\/wp-content\/uploads\/2024\/05\/Market-Results-2-140x140.jpg 140w, https:\/\/alcotrade.hu\/wp-content\/uploads\/2024\/05\/Market-Results-2-150x150.jpg 150w, https:\/\/alcotrade.hu\/wp-content\/uploads\/2024\/05\/Market-Results-2-100x100.jpg 100w, https:\/\/alcotrade.hu\/wp-content\/uploads\/2024\/05\/Market-Results-2-500x500.jpg 500w, https:\/\/alcotrade.hu\/wp-content\/uploads\/2024\/05\/Market-Results-2-350x350.jpg 350w, https:\/\/alcotrade.hu\/wp-content\/uploads\/2024\/05\/Market-Results-2-1000x1000.jpg 1000w, https:\/\/alcotrade.hu\/wp-content\/uploads\/2024\/05\/Market-Results-2-800x800.jpg 800w\" sizes=\"auto, (max-width: 140px) 100vw, 140px\" \/><\/span><\/a>            <div class=\"post-header small\">\n              <span class=\"meta-category\"><a class=\"hirek\" href=\"https:\/\/alcotrade.hu\/en\/category\/hirek\/\">news<\/a><\/span>              <h5>Results of the auction of the Guarantees of Origins  on 21st of May<\/h5>            <\/div><!--\/post-header-->\n\n            \n      <\/div><!--\/col-->\n\n      \n    <\/div><!--\/blog-recent-->\n\n  \n\t\t\t<\/div> \n\t\t<\/div>\n\t<\/div> \n<\/div><\/div>","protected":false},"excerpt":{"rendered":"Lezajlott a sz\u00e1rmaz\u00e1si garanci\u00e1k 2024. m\u00e1jus 21-i aukci\u00f3ja. A r\u00e9szletes aukci\u00f3s adatok az al\u00e1bbi linken \u00e9rhet\u0151ek el: https:\/\/hupx.hu\/hu\/go-piac\/piaci-adatok &nbsp;","protected":false},"author":1,"featured_media":0,"parent":0,"menu_order":0,"comment_status":"closed","ping_status":"closed","template":"","meta":{"footnotes":""},"class_list":["post-5619","page","type-page","status-publish"],"_links":{"self":[{"href":"https:\/\/alcotrade.hu\/en\/wp-json\/wp\/v2\/pages\/5619","targetHints":{"allow":["GET"]}}],"collection":[{"href":"https:\/\/alcotrade.hu\/en\/wp-json\/wp\/v2\/pages"}],"about":[{"href":"https:\/\/alcotrade.hu\/en\/wp-json\/wp\/v2\/types\/page"}],"author":[{"embeddable":true,"href":"https:\/\/alcotrade.hu\/en\/wp-json\/wp\/v2\/users\/1"}],"replies":[{"embeddable":true,"href":"https:\/\/alcotrade.hu\/en\/wp-json\/wp\/v2\/comments?post=5619"}],"version-history":[{"count":4,"href":"https:\/\/alcotrade.hu\/en\/wp-json\/wp\/v2\/pages\/5619\/revisions"}],"predecessor-version":[{"id":5941,"href":"https:\/\/alcotrade.hu\/en\/wp-json\/wp\/v2\/pages\/5619\/revisions\/5941"}],"wp:attachment":[{"href":"https:\/\/alcotrade.hu\/en\/wp-json\/wp\/v2\/media?parent=5619"}],"curies":[{"name":"wp","href":"https:\/\/api.w.org\/{rel}","templated":true}]}}