{"id":5815,"date":"2024-02-28T10:12:37","date_gmt":"2024-02-28T10:12:37","guid":{"rendered":"https:\/\/alcotrade.hu\/?page_id=5815"},"modified":"2024-04-30T15:51:59","modified_gmt":"2024-04-30T15:51:59","slug":"szarmazasi-garancia-kereskedelem-ajanlatunk","status":"publish","type":"page","link":"https:\/\/alcotrade.hu\/en\/szarmazasi-garancia-kereskedelem-ajanlatunk\/","title":{"rendered":"Our offer"},"content":{"rendered":"<div id=\"fws_69e405658faad\"  data-column-margin=\"default\" data-midnight=\"dark\" data-bottom-percent=\"5%\"  class=\"wpb_row vc_row-fluid vc_row full-width-section\"  style=\"padding-top: 100px; padding-bottom: calc(100vw * 0.05); \"><div class=\"row-bg-wrap\" data-bg-animation=\"none\" data-bg-animation-delay=\"\" data-bg-overlay=\"false\"><div class=\"inner-wrap row-bg-layer\" ><div class=\"row-bg viewport-desktop\"  style=\"\"><\/div><\/div><\/div><div class=\"row_col_wrap_12 col span_12 dark left\">\n\t<div  class=\"vc_col-sm-12 wpb_column column_container vc_column_container col no-extra-padding inherit_tablet inherit_phone\"  data-padding-pos=\"all\" data-has-bg-color=\"false\" data-bg-color=\"\" data-bg-opacity=\"1\" data-animation=\"\" data-delay=\"0\" >\n\t\t<div class=\"vc_column-inner\" >\n\t\t\t<div class=\"wpb_wrapper\">\n\t\t\t\t\n<div class=\"wpb_text_column wpb_content_element\" >\n\t<div class=\"wpb_wrapper\">\n\t\t<p style=\"text-align: justify;\">Alco Trade Ltd. undertakes the sale of GOs for renewable energy power plants on the stock exchange and\/or on OTC market.<\/p>\n<blockquote>\n<h4 style=\"text-align: justify;\">Our fees:<\/h4>\n<\/blockquote>\n<ul style=\"text-align: justify;\">\n<li>the commission charged is <strong>9% of the revenue from the successful sales of the GOs, BUT maximum 0.9 EUR + VAT \/ GO<\/strong><\/li>\n<li>administrative fee of the registration, transfer and record-keeping of GOs: <strong>40 HUF \/ GO<\/strong><\/li>\n<\/ul>\n<p style=\"text-align: justify;\"><u>Additional service:<\/u><\/p>\n<p style=\"text-align: justify;\">In addition to the above, it is also possible, on request, for us to carry out the mandatory qualification procedure for the power plant required for the application and sale of guarantees of origin on your behalf. The fee for this service is <strong>HUF 5000 + VAT per power plant unit, in addition to the current qualification procedure fee payable to the Hungarian Energy and Public Utility Regulatory Authority<\/strong>.<\/p>\n<p style=\"text-align: justify;\" class=\"translation-block\">If you are interested in our services, please contact us via the <a href=\"\/en\/kapcsolat\" target=\"_self\">Contact<\/a> section.<\/p>\n\t<\/div>\n<\/div>\n\n\n\n\n\t\t\t<\/div> \n\t\t<\/div>\n\t<\/div> \n<\/div><\/div>","protected":false},"excerpt":{"rendered":"Az Alco Trade Kft. v\u00e1llalja a meg\u00fajul\u00f3 energiaforr\u00e1sb\u00f3l termel\u0151 er\u0151m\u0171vekhez kapcsol\u00f3d\u00f3 sz\u00e1rmaz\u00e1si garanci\u00e1k t\u0151zsdei \u00e9s\/vagy OTC (t\u0151zsd\u00e9n k\u00edv\u00fcli) piacon t\u00f6rt\u00e9n\u0151 \u00e9rt\u00e9kes\u00edt\u00e9s\u00e9t. D\u00edjaink: a felsz\u00e1m\u00edtott jutal\u00e9k...","protected":false},"author":1,"featured_media":0,"parent":0,"menu_order":0,"comment_status":"closed","ping_status":"closed","template":"","meta":{"footnotes":""},"class_list":["post-5815","page","type-page","status-publish"],"_links":{"self":[{"href":"https:\/\/alcotrade.hu\/en\/wp-json\/wp\/v2\/pages\/5815","targetHints":{"allow":["GET"]}}],"collection":[{"href":"https:\/\/alcotrade.hu\/en\/wp-json\/wp\/v2\/pages"}],"about":[{"href":"https:\/\/alcotrade.hu\/en\/wp-json\/wp\/v2\/types\/page"}],"author":[{"embeddable":true,"href":"https:\/\/alcotrade.hu\/en\/wp-json\/wp\/v2\/users\/1"}],"replies":[{"embeddable":true,"href":"https:\/\/alcotrade.hu\/en\/wp-json\/wp\/v2\/comments?post=5815"}],"version-history":[{"count":18,"href":"https:\/\/alcotrade.hu\/en\/wp-json\/wp\/v2\/pages\/5815\/revisions"}],"predecessor-version":[{"id":6020,"href":"https:\/\/alcotrade.hu\/en\/wp-json\/wp\/v2\/pages\/5815\/revisions\/6020"}],"wp:attachment":[{"href":"https:\/\/alcotrade.hu\/en\/wp-json\/wp\/v2\/media?parent=5815"}],"curies":[{"name":"wp","href":"https:\/\/api.w.org\/{rel}","templated":true}]}}