{"id":5828,"date":"2024-02-28T10:28:24","date_gmt":"2024-02-28T10:28:24","guid":{"rendered":"https:\/\/alcotrade.hu\/?page_id=5828"},"modified":"2024-04-30T15:49:04","modified_gmt":"2024-04-30T15:49:04","slug":"villamosenergia-beszerzes-vallalkozasok-intezmenyek-reszere-ajanlat","status":"publish","type":"page","link":"https:\/\/alcotrade.hu\/en\/villamosenergia-beszerzes-vallalkozasok-intezmenyek-reszere-ajanlat\/","title":{"rendered":"Aj\u00e1nlat (villamos-vallalatok)"},"content":{"rendered":"<div id=\"fws_69e4056e3ea5b\"  data-column-margin=\"none\" data-midnight=\"dark\" data-top-percent=\"2%\" data-bottom-percent=\"2%\"  class=\"wpb_row vc_row-fluid vc_row full-width-content vc_row-o-equal-height vc_row-flex vc_row-o-content-middle  right_padding_7pct left_padding_7pct reverse_columns_column_tablet reverse_columns_column_phone\"  style=\"padding-top: calc(100vw * 0.02); padding-bottom: calc(100vw * 0.02); \"><div class=\"row-bg-wrap\" data-bg-animation=\"none\" data-bg-animation-delay=\"\" data-bg-overlay=\"false\"><div class=\"inner-wrap row-bg-layer\" ><div class=\"row-bg viewport-desktop\"  style=\"\"><\/div><\/div><\/div><div class=\"row_col_wrap_12 col span_12 dark left\">\n\t<div  class=\"vc_col-sm-12 wpb_column column_container vc_column_container col column_position_static el_spacing_30px left_padding_tablet_7vw right_padding_desktop_7vw right_padding_tablet_0px\"  data-padding-pos=\"all\" data-has-bg-color=\"false\" data-bg-color=\"\" data-bg-opacity=\"1\" data-animation=\"\" data-delay=\"0\" >\n\t\t<div class=\"vc_column-inner\" >\n\t\t\t<div class=\"wpb_wrapper\">\n\t\t\t\t\n<div class=\"wpb_text_column wpb_content_element\" >\n\t<div class=\"wpb_wrapper\">\n\t\t<p style=\"text-align: justify;\">We apply a single, transparent and fixed fee, which includes the activities described in the section of \"About our service\".<\/p>\n<blockquote>\n<h4 style=\"text-align: justify;\">Our fees:<\/h4>\n<\/blockquote>\n<ul style=\"text-align: justify;\">\n<li>For 0-5 MWh\/year\/consumer: <strong>14.990 HUF + VAT <\/strong>\/ power plant<\/li>\n<li>For 5-20 MWh\/year\/consumer: <strong>19.990 HUF + VAT <\/strong>\/ power plant<\/li>\n<li>For 20-100 MWh\/year\/consumer: <strong>29.990 HUF + VAT <\/strong>\/ power plant<\/li>\n<\/ul>\n<p style=\"text-align: justify;\"><strong>For group \/ multi-consumer (at least 10) requests<\/strong><\/p>\n<p style=\"text-align: justify;\">We apply a single fixed fee which includes the activities described in the section of \"About our service\".\nThe remuneration for the service is determined as a percentage of the annual volume and amount of the contract\u2019s total price.<\/p>\n<p style=\"text-align: justify;\" class=\"translation-block\">For group requests, please contact us via the <a href=\"\/en\/kapcsolat\" target=\"_self\">Contact<\/a> section.<\/p>\n\t<\/div>\n<\/div>\n\n\n\n\n\t\t\t<\/div> \n\t\t<\/div>\n\t<\/div> \n<\/div><\/div>","protected":false},"excerpt":{"rendered":"Egyszeri, \u00e1tl\u00e1that\u00f3, fix d\u00edjaz\u00e1st alkalmazunk, amely mag\u00e1ban foglalja a \u201eSzolg\u00e1ltat\u00e1sunk\u201d men\u00fcpontban foglalt tev\u00e9kenys\u00e9geket. D\u00edjaink: 0-5 MWh\/\u00e9v\/fogyaszt\u00e1si hely eset\u00e9n: 14.990 Ft + \u00c1FA \/ fogyaszt\u00e1si hely...","protected":false},"author":1,"featured_media":0,"parent":0,"menu_order":0,"comment_status":"closed","ping_status":"closed","template":"","meta":{"footnotes":""},"class_list":["post-5828","page","type-page","status-publish"],"_links":{"self":[{"href":"https:\/\/alcotrade.hu\/en\/wp-json\/wp\/v2\/pages\/5828","targetHints":{"allow":["GET"]}}],"collection":[{"href":"https:\/\/alcotrade.hu\/en\/wp-json\/wp\/v2\/pages"}],"about":[{"href":"https:\/\/alcotrade.hu\/en\/wp-json\/wp\/v2\/types\/page"}],"author":[{"embeddable":true,"href":"https:\/\/alcotrade.hu\/en\/wp-json\/wp\/v2\/users\/1"}],"replies":[{"embeddable":true,"href":"https:\/\/alcotrade.hu\/en\/wp-json\/wp\/v2\/comments?post=5828"}],"version-history":[{"count":16,"href":"https:\/\/alcotrade.hu\/en\/wp-json\/wp\/v2\/pages\/5828\/revisions"}],"predecessor-version":[{"id":6018,"href":"https:\/\/alcotrade.hu\/en\/wp-json\/wp\/v2\/pages\/5828\/revisions\/6018"}],"wp:attachment":[{"href":"https:\/\/alcotrade.hu\/en\/wp-json\/wp\/v2\/media?parent=5828"}],"curies":[{"name":"wp","href":"https:\/\/api.w.org\/{rel}","templated":true}]}}