{"id":5850,"date":"2024-02-28T11:04:01","date_gmt":"2024-02-28T11:04:01","guid":{"rendered":"https:\/\/alcotrade.hu\/?page_id=5850"},"modified":"2024-04-08T11:44:57","modified_gmt":"2024-04-08T11:44:57","slug":"egyeb-szolgaltatasok","status":"publish","type":"page","link":"https:\/\/alcotrade.hu\/en\/egyeb-szolgaltatasok\/","title":{"rendered":"Other services"},"content":{"rendered":"\n\t\t<div id=\"fws_69e401ec41e98\"  data-column-margin=\"none\" data-midnight=\"dark\" data-top-percent=\"2%\" data-bottom-percent=\"2%\"  class=\"wpb_row vc_row-fluid vc_row full-width-content vc_row-o-equal-height vc_row-flex vc_row-o-content-middle  right_padding_7pct left_padding_7pct reverse_columns_column_tablet reverse_columns_column_phone\"  style=\"padding-top: calc(100vw * 0.02); padding-bottom: calc(100vw * 0.02); \"><div class=\"row-bg-wrap\" data-bg-animation=\"none\" data-bg-animation-delay=\"\" data-bg-overlay=\"false\"><div class=\"inner-wrap row-bg-layer\" ><div class=\"row-bg viewport-desktop\"  style=\"\"><\/div><\/div><\/div><div class=\"row_col_wrap_12 col span_12 dark left\">\n\t<div  class=\"vc_col-sm-12 wpb_column column_container vc_column_container col column_position_static el_spacing_30px left_padding_tablet_7vw right_padding_desktop_7vw right_padding_tablet_0px \"  data-padding-pos=\"all\" data-has-bg-color=\"false\" data-bg-color=\"\" data-bg-opacity=\"1\" data-animation=\"\" data-delay=\"0\" >\n\t\t<div class=\"vc_column-inner\" >\n\t\t\t<div class=\"wpb_wrapper\">\n\t\t\t\t\n<div class=\"wpb_text_column wpb_content_element \" >\n\t<div class=\"wpb_wrapper\">\n\t\t<p style=\"text-align: justify;\">Ipar\u00e1gunk egyik kiemelt jellemz\u0151je, hogy magas fok\u00fa precizit\u00e1st, ugyanakkor rugalmass\u00e1got \u00e9s strat\u00e9giai gondolkod\u00e1st is k\u00edv\u00e1n. Ennek k\u00f6sz\u00f6nhet\u0151en otthonosan mozgunk mind az adatb\u00e1zis-fel\u00e9p\u00edt\u00e9st, mind pedig a sz\u00e1m\u00edt\u00e1sokat, vagy ak\u00e1r adminisztr\u00e1ci\u00f3s tev\u00e9kenys\u00e9gek automatiz\u00e1l\u00e1s\u00e1t ig\u00e9nyl\u0151 feladatok ter\u00e9n. K\u00f6zel tizen\u00f6t \u00e9ves szakmai munk\u00e1nk sor\u00e1n a nemzetk\u00f6zi projektvezet\u00e9st\u0151l kezdve a teljes Back Office rendszer fel\u00e9p\u00edt\u00e9s\u00e9ig rendk\u00edv\u00fcl sokf\u00e9le feladatot b\u00edztak m\u00e1r r\u00e1nk.<\/p>\n<p style=\"text-align: justify;\"><strong>Tud\u00e1sunkkal \u00e9s tapasztalatunkkal sz\u00edvesen seg\u00edtj\u00fck projekt-, vagy h\u00e1tt\u00e9rszolg\u00e1ltat\u00e1sok ter\u00e9n az \u00d6n v\u00e1llalkoz\u00e1s\u00e1t is \u2013 nem csak az energetika ter\u00fclet\u00e9n \u2013, amellyel v\u00e9lhet\u0151en mi is \u00fajabb kih\u00edv\u00e1sokkal szembes\u00fcl\u00fcnk majd \u00e9s tov\u00e1bb tanulhatunk.<\/strong><\/p>\n<p style=\"text-align: justify;\">Amennyiben a fentiek felkeltett\u00e9k \u00e9rdekl\u0151d\u00e9s\u00e9t, keressen minket bizalommal \u2013 ak\u00e1r csak egy k\u00f6tetlen besz\u00e9lget\u00e9s c\u00e9lj\u00e1b\u00f3l is \u2013 a <a href=\"mailto:szolgaltatas@alcotrade.hu\"><strong>szolgaltatas@alcotrade.hu<\/strong><\/a>\u00a0e-mail c\u00edmen.<\/p>\n\t<\/div>\n<\/div>\n\n\n\n\n\t\t\t<\/div> \n\t\t<\/div>\n\t<\/div> \n<\/div><\/div>\n\t\t<div id=\"kapcsolat\"  data-column-margin=\"20px\" data-midnight=\"dark\" data-top-percent=\"4%\" data-bottom-percent=\"4%\"  class=\"wpb_row vc_row-fluid vc_row full-width-content vc_row-o-equal-height vc_row-flex vc_row-o-content-top  zindex-set right_padding_5pct left_padding_5pct right_padding_phone_14px left_padding_phone_14px\"  style=\"padding-top: calc(100vw * 0.04); padding-bottom: calc(100vw * 0.04);  z-index: 10;\"><div class=\"row-bg-wrap\" data-bg-animation=\"none\" data-bg-animation-delay=\"\" data-bg-overlay=\"false\"><div class=\"inner-wrap row-bg-layer\" ><div class=\"row-bg viewport-desktop using-bg-color\"  style=\"background-color: #f0f2f6; \"><\/div><\/div><\/div><div class=\"row_col_wrap_12 col span_12 dark left\">\n\t<div style=\" color: #000000;\" class=\"vc_col-sm-6 wpb_column column_container vc_column_container col no-extra-padding el_spacing_0px bottom_margin_tablet_20px inherit_tablet inherit_phone col-overflow-hidden \" data-cfc=\"true\" data-using-bg=\"true\" data-border-radius=\"20px\" data-padding-pos=\"all\" data-has-bg-color=\"true\" data-bg-color=\"#ffffff\" data-bg-opacity=\"1\" data-animation=\"\" data-delay=\"0\" >\n\t\t<div class=\"vc_column-inner\" ><div class=\"column-bg-overlay-wrap column-bg-layer\" data-bg-animation=\"none\"><div class=\"column-bg-overlay\" style=\"opacity: 1; background-color: #ffffff;\"><\/div><\/div>\n\t\t\t<div class=\"wpb_wrapper\">\n\t\t\t\t<div id=\"fws_69e401ec44406\" data-midnight=\"\" data-column-margin=\"default\" class=\"wpb_row vc_row-fluid vc_row inner_row  right_padding_24pct right_padding_phone_0px\"  style=\"\"><div class=\"row-bg-wrap\"> <div class=\"row-bg\" ><\/div> <\/div><div class=\"row_col_wrap_12_inner col span_12  left\">\n\t<div style=\"margin-bottom: -5%; \" class=\"vc_col-sm-12 wpb_column column_container vc_column_container col child_column el_spacing_10px left_padding_desktop_4vw left_padding_tablet_8vw top_padding_desktop_4vw top_padding_tablet_8vw right_padding_desktop_4vw right_padding_tablet_8vw bottom_padding_desktop_4vw bottom_padding_tablet_8vw \"   data-padding-pos=\"all\" data-has-bg-color=\"false\" data-bg-color=\"\" data-bg-opacity=\"1\" data-animation=\"\" data-delay=\"0\" >\n\t\t<div class=\"vc_column-inner\" >\n\t\t<div class=\"wpb_wrapper\">\n\t\t\t<div class=\"nectar-responsive-text font_size_desktop_1-8vw font_size_tablet_22px font_line_height_1-3 nectar-link-underline-effect\"><h3>Kapcsolat<\/h3>\n<\/div><div class=\"nectar-responsive-text font_size_min_14px font_size_max_20px font_size_desktop_1-1vw font_line_height_1-5 nectar-link-underline-effect\"><p style=\"text-align: justify\">Amennyiben szolg\u00e1ltat\u00e1sunk\/aj\u00e1nlatunk felkeltette \u00e9rdekl\u0151d\u00e9s\u00e9t, vagy tov\u00e1bbi k\u00e9rd\u00e9se mer\u00fclt fel, keressen minket bizalommal az al\u00e1bbi el\u00e9rhet\u0151s\u00e9gek egyik\u00e9n, vagy k\u00fcldje el r\u00e9sz\u00fcnkre a jobb oldali \u0171rlap seg\u00edts\u00e9g\u00e9vel.<\/p>\n<ul>\n<li style=\"text-align: justify\">Sz\u00e1rmaz\u00e1si Garancia Kereskedelem<br \/>\n<a class=\"accessed\" href=\"mailto:garancia@alcotrade.hu\">garancia@alcotrade.hu<\/a><\/li>\n<li style=\"text-align: justify\">Villamosenergia Beszerz\u00e9s<br \/>\n<a href=\"mailto:beszerzes@alcotrade.hu\">beszerzes@alcotrade.hu<\/a><\/li>\n<li style=\"text-align: justify\">Egy\u00e9b Szolg\u00e1ltat\u00e1sok<br \/>\n<a href=\"mailto:szolgaltatas@alcotrade.hu\">szolgaltatas@alcotrade.hu<\/a><\/li>\n<\/ul>\n<\/div>\n\t\t<\/div> \n\t<\/div>\n\t<\/div> \n<\/div><\/div>\n\t\t\t<\/div> \n\t\t<\/div>\n\t<\/div> \n\n\t<div style=\" color: #ffffff;\" class=\"vc_col-sm-6 wpb_column column_container vc_column_container col el_spacing_20px col-overflow-hidden left_padding_desktop_4vw left_padding_tablet_8vw top_padding_desktop_4vw top_padding_tablet_8vw right_padding_desktop_4vw right_padding_tablet_50vw right_padding_phone_33vw bottom_padding_desktop_4vw bottom_padding_tablet_8vw \" data-cfc=\"true\" data-using-bg=\"true\" data-border-radius=\"20px\" data-overlay-color=\"true\" data-padding-pos=\"all\" data-has-bg-color=\"true\" data-bg-color=\"#28ba18\" data-bg-opacity=\"1\" data-animation=\"\" data-delay=\"0\" >\n\t\t<div class=\"vc_column-inner\" ><div class=\"column-bg-overlay-wrap column-bg-layer\" data-bg-animation=\"none\"><div class=\"column-bg-overlay\" style=\"opacity: 1; background-color: #28ba18;\"><\/div><div class=\"column-overlay-layer\" style=\"\"><\/div><\/div>\n\t\t\t<div class=\"wpb_wrapper\">\n\t\t\t\t<div class=\"wpforms-container wpforms-container-full\" id=\"wpforms-5861\"><form id=\"wpforms-form-5861\" class=\"wpforms-validate wpforms-form wpforms-ajax-form\" data-formid=\"5861\" method=\"post\" enctype=\"multipart\/form-data\" action=\"\/en\/wp-json\/wp\/v2\/pages\/5850\" data-token=\"91ffea66bf05deeb254b618bc101166c\"><noscript class=\"wpforms-error-noscript\">Please enable JavaScript in your browser to complete this form.<\/noscript><div class=\"wpforms-field-container\"><div id=\"wpforms-5861-field_0-container\" class=\"wpforms-field wpforms-field-name\" data-field-id=\"0\"><label class=\"wpforms-field-label\" for=\"wpforms-5861-field_0\">Az \u00d6n neve <span class=\"wpforms-required-label\">*<\/span><\/label><div class=\"wpforms-field-row wpforms-field-large\"><div class=\"wpforms-field-row-block wpforms-first wpforms-one-half\"><input type=\"text\" id=\"wpforms-5861-field_0\" class=\"wpforms-field-name-first wpforms-field-required\" name=\"wpforms[fields][0][first]\" placeholder=\"Vezet\u00e9kn\u00e9v\" required><label for=\"wpforms-5861-field_0\" class=\"wpforms-field-sublabel after wpforms-sublabel-hide\">First<\/label><\/div><div class=\"wpforms-field-row-block wpforms-one-half\"><input type=\"text\" id=\"wpforms-5861-field_0-last\" class=\"wpforms-field-name-last wpforms-field-required\" name=\"wpforms[fields][0][last]\" placeholder=\"Keresztn\u00e9v\" required><label for=\"wpforms-5861-field_0-last\" class=\"wpforms-field-sublabel after wpforms-sublabel-hide\">Last<\/label><\/div><\/div><\/div><div id=\"wpforms-5861-field_1-container\" class=\"wpforms-field wpforms-field-email\" data-field-id=\"1\"><label class=\"wpforms-field-label\" for=\"wpforms-5861-field_1\">E-mail c\u00edm: <span class=\"wpforms-required-label\">*<\/span><\/label><input type=\"email\" id=\"wpforms-5861-field_1\" class=\"wpforms-field-large wpforms-field-required\" name=\"wpforms[fields][1]\" required><\/div><div id=\"wpforms-5861-field_2-container\" class=\"wpforms-field wpforms-field-phone\" data-field-id=\"2\"><label class=\"wpforms-field-label\" for=\"wpforms-5861-field_2\">Telefonsz\u00e1m ahol kereshetj\u00fck<\/label><input type=\"tel\" id=\"wpforms-5861-field_2\" class=\"wpforms-field-large wpforms-smart-phone-field\" data-rule-smart-phone-field=\"true\" name=\"wpforms[fields][2]\" ><\/div><div id=\"wpforms-5861-field_5-container\" class=\"wpforms-field wpforms-field-select wpforms-field-select-style-classic\" data-field-id=\"5\"><label class=\"wpforms-field-label\" for=\"wpforms-5861-field_5\">Szolg\u00e1ltat\u00e1s forma<\/label><select id=\"wpforms-5861-field_5\" class=\"wpforms-field-medium\" name=\"wpforms[fields][5]\"><option value=\"Sz\u00e1rmaz\u00e1si Garancia Kereskedelem\" >Sz\u00e1rmaz\u00e1si Garancia Kereskedelem<\/option><option value=\"Villamosenergia Beszerz\u00e9s\" >Villamosenergia Beszerz\u00e9s<\/option><option value=\"Egy\u00e9b Szolg\u00e1ltat\u00e1sok\" >Egy\u00e9b Szolg\u00e1ltat\u00e1sok<\/option><\/select><\/div><div id=\"wpforms-5861-field_3-container\" class=\"wpforms-field wpforms-field-textarea\" data-field-id=\"3\"><label class=\"wpforms-field-label\" for=\"wpforms-5861-field_3\">Itt le\u00edrhatja miben seg\u00edthet\u00fcnk:<\/label><textarea id=\"wpforms-5861-field_3\" class=\"wpforms-field-large\" name=\"wpforms[fields][3]\" ><\/textarea><\/div><\/div><div class=\"wpforms-submit-container\"><input type=\"hidden\" name=\"wpforms[id]\" value=\"5861\"><input type=\"hidden\" name=\"wpforms[author]\" value=\"1\"><button type=\"submit\" name=\"wpforms[submit]\" id=\"wpforms-submit-5861\" class=\"wpforms-submit\" data-alt-text=\"k\u00fcld\u00e9s...\" data-submit-text=\"K\u00fcld\u00e9s\" aria-live=\"assertive\" value=\"wpforms-submit\">K\u00fcld\u00e9s<\/button><img loading=\"lazy\" decoding=\"async\" src=\"https:\/\/alcotrade.hu\/wp-content\/plugins\/wpforms\/assets\/images\/submit-spin.svg\" class=\"wpforms-submit-spinner\" style=\"display: none;\" width=\"26\" height=\"26\" alt=\"\"><\/div><\/form><\/div>  <!-- .wpforms-container -->\n\t\t\t<\/div> \n\t\t<\/div>\n\t<\/div> \n<\/div><\/div>\n","protected":false},"excerpt":{"rendered":"Ipar\u00e1gunk egyik kiemelt jellemz\u0151je, hogy magas fok\u00fa precizit\u00e1st, ugyanakkor rugalmass\u00e1got \u00e9s strat\u00e9giai gondolkod\u00e1st is k\u00edv\u00e1n. Ennek k\u00f6sz\u00f6nhet\u0151en otthonosan mozgunk mind az adatb\u00e1zis-fel\u00e9p\u00edt\u00e9st, mind pedig a...","protected":false},"author":1,"featured_media":0,"parent":0,"menu_order":0,"comment_status":"closed","ping_status":"closed","template":"","meta":{"footnotes":""},"class_list":["post-5850","page","type-page","status-publish"],"_links":{"self":[{"href":"https:\/\/alcotrade.hu\/en\/wp-json\/wp\/v2\/pages\/5850","targetHints":{"allow":["GET"]}}],"collection":[{"href":"https:\/\/alcotrade.hu\/en\/wp-json\/wp\/v2\/pages"}],"about":[{"href":"https:\/\/alcotrade.hu\/en\/wp-json\/wp\/v2\/types\/page"}],"author":[{"embeddable":true,"href":"https:\/\/alcotrade.hu\/en\/wp-json\/wp\/v2\/users\/1"}],"replies":[{"embeddable":true,"href":"https:\/\/alcotrade.hu\/en\/wp-json\/wp\/v2\/comments?post=5850"}],"version-history":[{"count":6,"href":"https:\/\/alcotrade.hu\/en\/wp-json\/wp\/v2\/pages\/5850\/revisions"}],"predecessor-version":[{"id":5982,"href":"https:\/\/alcotrade.hu\/en\/wp-json\/wp\/v2\/pages\/5850\/revisions\/5982"}],"wp:attachment":[{"href":"https:\/\/alcotrade.hu\/en\/wp-json\/wp\/v2\/media?parent=5850"}],"curies":[{"name":"wp","href":"https:\/\/api.w.org\/{rel}","templated":true}]}}