{"id":5888,"date":"2024-03-13T14:39:56","date_gmt":"2024-03-13T14:39:56","guid":{"rendered":"https:\/\/alcotrade.hu\/?page_id=5888"},"modified":"2024-03-28T07:43:54","modified_gmt":"2024-03-28T07:43:54","slug":"kapcsolat","status":"publish","type":"page","link":"https:\/\/alcotrade.hu\/en\/kapcsolat\/","title":{"rendered":"Contact"},"content":{"rendered":"\n\t\t<div id=\"kapcsolat\"  data-column-margin=\"20px\" data-midnight=\"dark\" data-top-percent=\"4%\" data-bottom-percent=\"4%\"  class=\"wpb_row vc_row-fluid vc_row full-width-content vc_row-o-equal-height vc_row-flex vc_row-o-content-top  zindex-set right_padding_5pct left_padding_5pct right_padding_phone_14px left_padding_phone_14px\"  style=\"padding-top: calc(100vw * 0.04); padding-bottom: calc(100vw * 0.04);  z-index: 10;\"><div class=\"row-bg-wrap\" data-bg-animation=\"none\" data-bg-animation-delay=\"\" data-bg-overlay=\"false\"><div class=\"inner-wrap row-bg-layer\" ><div class=\"row-bg viewport-desktop using-bg-color\"  style=\"background-color: #f0f2f6; \"><\/div><\/div><\/div><div class=\"row_col_wrap_12 col span_12 dark left\">\n\t<div style=\" color: #000000;\" class=\"vc_col-sm-6 wpb_column column_container vc_column_container col no-extra-padding el_spacing_0px bottom_margin_tablet_20px inherit_tablet inherit_phone col-overflow-hidden \" data-cfc=\"true\" data-using-bg=\"true\" data-border-radius=\"20px\" data-padding-pos=\"all\" data-has-bg-color=\"true\" data-bg-color=\"#ffffff\" data-bg-opacity=\"1\" data-animation=\"\" data-delay=\"0\" >\n\t\t<div class=\"vc_column-inner\" ><div class=\"column-bg-overlay-wrap column-bg-layer\" data-bg-animation=\"none\"><div class=\"column-bg-overlay\" style=\"opacity: 1; background-color: #ffffff;\"><\/div><\/div>\n\t\t\t<div class=\"wpb_wrapper\">\n\t\t\t\t<div id=\"fws_69e401d6cbfac\" data-midnight=\"\" data-column-margin=\"default\" class=\"wpb_row vc_row-fluid vc_row inner_row  right_padding_24pct right_padding_phone_0px\"  style=\"\"><div class=\"row-bg-wrap\"> <div class=\"row-bg\" ><\/div> <\/div><div class=\"row_col_wrap_12_inner col span_12  left\">\n\t<div style=\"margin-bottom: -5%; \" class=\"vc_col-sm-12 wpb_column column_container vc_column_container col child_column el_spacing_10px left_padding_desktop_4vw left_padding_tablet_8vw top_padding_desktop_4vw top_padding_tablet_8vw right_padding_desktop_4vw right_padding_tablet_8vw bottom_padding_desktop_4vw bottom_padding_tablet_8vw \"   data-padding-pos=\"all\" data-has-bg-color=\"false\" data-bg-color=\"\" data-bg-opacity=\"1\" data-animation=\"\" data-delay=\"0\" >\n\t\t<div class=\"vc_column-inner\" >\n\t\t<div class=\"wpb_wrapper\">\n\t\t\t<div class=\"nectar-responsive-text font_size_desktop_1-8vw font_size_tablet_22px font_line_height_1-3 nectar-link-underline-effect\"><h3>Kapcsolat<\/h3>\n<\/div><div class=\"nectar-responsive-text font_size_min_14px font_size_max_20px font_size_desktop_1-1vw font_line_height_1-5 nectar-link-underline-effect\"><p>Amennyiben szolg\u00e1ltat\u00e1sunk\/aj\u00e1nlatunk felkeltette \u00e9rdekl\u0151d\u00e9s\u00e9t, vagy tov\u00e1bbi k\u00e9rd\u00e9se mer\u00fclt fel, keressen minket bizalommal az al\u00e1bbi el\u00e9rhet\u0151s\u00e9gek egyik\u00e9n, vagy k\u00fcldje el r\u00e9sz\u00fcnkre a jobb oldali \u0171rlap seg\u00edts\u00e9g\u00e9vel.<\/p>\n<ul>\n<li>Sz\u00e1rmaz\u00e1si Garancia Kereskedelem<br \/>\n<a href=\"mailto:garancia@alcotrade.hu\">garancia@alcotrade.hu<\/a><\/li>\n<li>Villamosenergia Beszerz\u00e9s<br \/>\n<a href=\"mailto:beszerzes@alcotrade.hu\">beszerzes@alcotrade.hu<\/a><\/li>\n<li>Egy\u00e9b Szolg\u00e1ltat\u00e1sok<br \/>\n<a href=\"mailto:szolgaltatas@alcotrade.hu\">szolgaltatas@alcotrade.hu<\/a><\/li>\n<\/ul>\n<\/div>\n\t\t<\/div> \n\t<\/div>\n\t<\/div> \n<\/div><\/div>\n\t\t\t<\/div> \n\t\t<\/div>\n\t<\/div> \n\n\t<div style=\" color: #ffffff;\" class=\"vc_col-sm-6 wpb_column column_container vc_column_container col el_spacing_20px col-overflow-hidden left_padding_desktop_4vw left_padding_tablet_8vw top_padding_desktop_4vw top_padding_tablet_8vw right_padding_desktop_4vw right_padding_tablet_50vw right_padding_phone_33vw bottom_padding_desktop_4vw bottom_padding_tablet_8vw \" data-cfc=\"true\" data-using-bg=\"true\" data-border-radius=\"20px\" data-overlay-color=\"true\" data-padding-pos=\"all\" data-has-bg-color=\"true\" data-bg-color=\"#28ba18\" data-bg-opacity=\"1\" data-animation=\"\" data-delay=\"0\" >\n\t\t<div class=\"vc_column-inner\" ><div class=\"column-bg-overlay-wrap column-bg-layer\" data-bg-animation=\"none\"><div class=\"column-bg-overlay\" style=\"opacity: 1; background-color: #28ba18;\"><\/div><div class=\"column-overlay-layer\" style=\"\"><\/div><\/div>\n\t\t\t<div class=\"wpb_wrapper\">\n\t\t\t\t<div class=\"wpforms-container wpforms-container-full\" id=\"wpforms-5861\"><form id=\"wpforms-form-5861\" class=\"wpforms-validate wpforms-form wpforms-ajax-form\" data-formid=\"5861\" method=\"post\" enctype=\"multipart\/form-data\" action=\"\/en\/wp-json\/wp\/v2\/pages\/5888\" data-token=\"91ffea66bf05deeb254b618bc101166c\"><noscript class=\"wpforms-error-noscript\">Please enable JavaScript in your browser to complete this form.<\/noscript><div class=\"wpforms-field-container\"><div id=\"wpforms-5861-field_0-container\" class=\"wpforms-field wpforms-field-name\" data-field-id=\"0\"><label class=\"wpforms-field-label\" for=\"wpforms-5861-field_0\">Az \u00d6n neve <span class=\"wpforms-required-label\">*<\/span><\/label><div class=\"wpforms-field-row wpforms-field-large\"><div class=\"wpforms-field-row-block wpforms-first wpforms-one-half\"><input type=\"text\" id=\"wpforms-5861-field_0\" class=\"wpforms-field-name-first wpforms-field-required\" name=\"wpforms[fields][0][first]\" placeholder=\"Vezet\u00e9kn\u00e9v\" required><label for=\"wpforms-5861-field_0\" class=\"wpforms-field-sublabel after wpforms-sublabel-hide\">First<\/label><\/div><div class=\"wpforms-field-row-block wpforms-one-half\"><input type=\"text\" id=\"wpforms-5861-field_0-last\" class=\"wpforms-field-name-last wpforms-field-required\" name=\"wpforms[fields][0][last]\" placeholder=\"Keresztn\u00e9v\" required><label for=\"wpforms-5861-field_0-last\" class=\"wpforms-field-sublabel after wpforms-sublabel-hide\">Last<\/label><\/div><\/div><\/div><div id=\"wpforms-5861-field_1-container\" class=\"wpforms-field wpforms-field-email\" data-field-id=\"1\"><label class=\"wpforms-field-label\" for=\"wpforms-5861-field_1\">E-mail c\u00edm: <span class=\"wpforms-required-label\">*<\/span><\/label><input type=\"email\" id=\"wpforms-5861-field_1\" class=\"wpforms-field-large wpforms-field-required\" name=\"wpforms[fields][1]\" required><\/div><div id=\"wpforms-5861-field_2-container\" class=\"wpforms-field wpforms-field-phone\" data-field-id=\"2\"><label class=\"wpforms-field-label\" for=\"wpforms-5861-field_2\">Telefonsz\u00e1m ahol kereshetj\u00fck<\/label><input type=\"tel\" id=\"wpforms-5861-field_2\" class=\"wpforms-field-large wpforms-smart-phone-field\" data-rule-smart-phone-field=\"true\" name=\"wpforms[fields][2]\" ><\/div><div id=\"wpforms-5861-field_5-container\" class=\"wpforms-field wpforms-field-select wpforms-field-select-style-classic\" data-field-id=\"5\"><label class=\"wpforms-field-label\" for=\"wpforms-5861-field_5\">Szolg\u00e1ltat\u00e1s forma<\/label><select id=\"wpforms-5861-field_5\" class=\"wpforms-field-medium\" name=\"wpforms[fields][5]\"><option value=\"Sz\u00e1rmaz\u00e1si Garancia Kereskedelem\" >Sz\u00e1rmaz\u00e1si Garancia Kereskedelem<\/option><option value=\"Villamosenergia Beszerz\u00e9s\" >Villamosenergia Beszerz\u00e9s<\/option><option value=\"Egy\u00e9b Szolg\u00e1ltat\u00e1sok\" >Egy\u00e9b Szolg\u00e1ltat\u00e1sok<\/option><\/select><\/div><div id=\"wpforms-5861-field_3-container\" class=\"wpforms-field wpforms-field-textarea\" data-field-id=\"3\"><label class=\"wpforms-field-label\" for=\"wpforms-5861-field_3\">Itt le\u00edrhatja miben seg\u00edthet\u00fcnk:<\/label><textarea id=\"wpforms-5861-field_3\" class=\"wpforms-field-large\" name=\"wpforms[fields][3]\" ><\/textarea><\/div><\/div><div class=\"wpforms-submit-container\"><input type=\"hidden\" name=\"wpforms[id]\" value=\"5861\"><input type=\"hidden\" name=\"wpforms[author]\" value=\"1\"><button type=\"submit\" name=\"wpforms[submit]\" id=\"wpforms-submit-5861\" class=\"wpforms-submit\" data-alt-text=\"k\u00fcld\u00e9s...\" data-submit-text=\"K\u00fcld\u00e9s\" aria-live=\"assertive\" value=\"wpforms-submit\">K\u00fcld\u00e9s<\/button><img loading=\"lazy\" decoding=\"async\" src=\"https:\/\/alcotrade.hu\/wp-content\/plugins\/wpforms\/assets\/images\/submit-spin.svg\" class=\"wpforms-submit-spinner\" style=\"display: none;\" width=\"26\" height=\"26\" alt=\"\"><\/div><\/form><\/div>  <!-- .wpforms-container -->\n\t\t\t<\/div> \n\t\t<\/div>\n\t<\/div> \n<\/div><\/div>\n","protected":false},"excerpt":{"rendered":"Kapcsolat Amennyiben szolg\u00e1ltat\u00e1sunk\/aj\u00e1nlatunk felkeltette \u00e9rdekl\u0151d\u00e9s\u00e9t, vagy tov\u00e1bbi k\u00e9rd\u00e9se mer\u00fclt fel, keressen minket bizalommal az al\u00e1bbi el\u00e9rhet\u0151s\u00e9gek egyik\u00e9n, vagy k\u00fcldje el r\u00e9sz\u00fcnkre a jobb oldali \u0171rlap...","protected":false},"author":1,"featured_media":0,"parent":0,"menu_order":0,"comment_status":"closed","ping_status":"closed","template":"","meta":{"footnotes":""},"class_list":["post-5888","page","type-page","status-publish"],"_links":{"self":[{"href":"https:\/\/alcotrade.hu\/en\/wp-json\/wp\/v2\/pages\/5888","targetHints":{"allow":["GET"]}}],"collection":[{"href":"https:\/\/alcotrade.hu\/en\/wp-json\/wp\/v2\/pages"}],"about":[{"href":"https:\/\/alcotrade.hu\/en\/wp-json\/wp\/v2\/types\/page"}],"author":[{"embeddable":true,"href":"https:\/\/alcotrade.hu\/en\/wp-json\/wp\/v2\/users\/1"}],"replies":[{"embeddable":true,"href":"https:\/\/alcotrade.hu\/en\/wp-json\/wp\/v2\/comments?post=5888"}],"version-history":[{"count":2,"href":"https:\/\/alcotrade.hu\/en\/wp-json\/wp\/v2\/pages\/5888\/revisions"}],"predecessor-version":[{"id":5912,"href":"https:\/\/alcotrade.hu\/en\/wp-json\/wp\/v2\/pages\/5888\/revisions\/5912"}],"wp:attachment":[{"href":"https:\/\/alcotrade.hu\/en\/wp-json\/wp\/v2\/media?parent=5888"}],"curies":[{"name":"wp","href":"https:\/\/api.w.org\/{rel}","templated":true}]}}