{"id":5893,"date":"2024-03-13T14:43:13","date_gmt":"2024-03-13T14:43:13","guid":{"rendered":"https:\/\/alcotrade.hu\/?page_id=5893"},"modified":"2024-04-29T09:25:59","modified_gmt":"2024-04-29T09:25:59","slug":"szarmazasi-garancia-kereskedelem-szolgaltatasok","status":"publish","type":"page","link":"https:\/\/alcotrade.hu\/en\/szarmazasi-garancia-kereskedelem-szolgaltatasok\/","title":{"rendered":"Sz\u00e1rmaz\u00e1si Garancia Kereskedelem Szolg\u00e1ltat\u00e1sok"},"content":{"rendered":"<div id=\"fws_69e4056e79312\"  data-column-margin=\"default\" data-midnight=\"dark\" data-bottom-percent=\"5%\"  class=\"wpb_row vc_row-fluid vc_row full-width-section\"  style=\"padding-top: 100px; padding-bottom: calc(100vw * 0.05); \"><div class=\"row-bg-wrap\" data-bg-animation=\"none\" data-bg-animation-delay=\"\" data-bg-overlay=\"false\"><div class=\"inner-wrap row-bg-layer\" ><div class=\"row-bg viewport-desktop\"  style=\"\"><\/div><\/div><\/div><div class=\"row_col_wrap_12 col span_12 dark left\">\n\t<div  class=\"vc_col-sm-12 wpb_column column_container vc_column_container col no-extra-padding inherit_tablet inherit_phone\"  data-padding-pos=\"all\" data-has-bg-color=\"false\" data-bg-color=\"\" data-bg-opacity=\"1\" data-animation=\"\" data-delay=\"0\" >\n\t\t<div class=\"vc_column-inner\" >\n\t\t\t<div class=\"wpb_wrapper\">\n\t\t\t\t\n<div class=\"wpb_text_column wpb_content_element\" >\n\t<div class=\"wpb_wrapper\">\n\t\t<p style=\"text-align: justify;\">Nowadays, sustainability, environmental awareness and also green energy have become a priority for more and more companies, and as part of this, they pay special attention to the source of the energy they consume. In this context, the guarantees of origin have become an effective tool for businesses to reduce their ecological footprint by allowing them to cover their electricity consumption from environmentally friendly sources.<\/p>\n<p style=\"text-align: justify;\">A guarantee of Origin (GO) is therefore an electronic document that transparently and objectively certifies that the electricity purchased comes from a renewable or emission-free production source. Such a certificate contains a great amount of information about the generation unit of the energy, that lets the users or electricity-using companies to choose the GOs that is convenient to them based on their preferences (for example, certifying electricity produced exclusively from solar, wind or hydroelectric energy source).<\/p>\n<p style=\"text-align: justify;\">Renewable energy power plants (solar, wind, hydro or even biogas) can register 1 guarantee of origin for every 1 MWh of electricity produced, which can then be sold by authorised traders at auctions or on the OTC markets.<\/p>\n<p style=\"text-align: justify;\"><strong>OUR GOAL IS TO TAKE OVER ALL THE RELATED TASKS TO MAKE ADDITIONAL PROFIT FOR YOU ON THE ENERGY PRODUCED IN YOUR POWER PLANT<\/strong><\/p>\n<p style=\"text-align: justify;\">As part of our service, we are here to help you:<\/p>\n<ul style=\"text-align: justify;\">\n<li>on demand to conduct the certification procedure of the power plant<\/li>\n<li>to register and to transfer GOs, saving you the related account management fees and administrative burdens at the Hungarian Energy and Public Utility Regulatory Authority<\/li>\n<li>to sell your GOs on stock market auctions or on OTC markets<\/li>\n<li>to keep permanent records and give you information on registration and sales of the volume of GOs<\/li>\n<li>to continuously analyse price variation on the GO market<\/li>\n<\/ul>\n<p style=\"text-align: justify;\">The exact details of the service will be defined in our agreement.<\/p>\n<p style=\"text-align: justify;\" class=\"translation-block\">You will find our offer under Our offers section.<\/p>\n<p style=\"text-align: justify;\" class=\"translation-block\">If you are interested in our services, please contact us via the <a href=\"\/en\/kapcsolat\" target=\"_self\">Contact<\/a> section.<\/p>\n\t<\/div>\n<\/div>\n\n\n\n\n\t\t\t<\/div> \n\t\t<\/div>\n\t<\/div> \n<\/div><\/div>","protected":false},"excerpt":{"rendered":"A fenntarthat\u00f3s\u00e1g, a k\u00f6rnyezettudatoss\u00e1g \u00e9s ma m\u00e1r ezzel egy\u00fctt a z\u00f6ldenergia is egyre t\u00f6bb v\u00e1llalat sz\u00e1m\u00e1ra v\u00e1lt kiemelt szempontt\u00e1, amelynek r\u00e9szek\u00e9nt a villamosenergia-beszerz\u00e9sekn\u00e9l is k\u00fcl\u00f6n...","protected":false},"author":1,"featured_media":0,"parent":0,"menu_order":0,"comment_status":"closed","ping_status":"closed","template":"","meta":{"footnotes":""},"class_list":["post-5893","page","type-page","status-publish"],"_links":{"self":[{"href":"https:\/\/alcotrade.hu\/en\/wp-json\/wp\/v2\/pages\/5893","targetHints":{"allow":["GET"]}}],"collection":[{"href":"https:\/\/alcotrade.hu\/en\/wp-json\/wp\/v2\/pages"}],"about":[{"href":"https:\/\/alcotrade.hu\/en\/wp-json\/wp\/v2\/types\/page"}],"author":[{"embeddable":true,"href":"https:\/\/alcotrade.hu\/en\/wp-json\/wp\/v2\/users\/1"}],"replies":[{"embeddable":true,"href":"https:\/\/alcotrade.hu\/en\/wp-json\/wp\/v2\/comments?post=5893"}],"version-history":[{"count":7,"href":"https:\/\/alcotrade.hu\/en\/wp-json\/wp\/v2\/pages\/5893\/revisions"}],"predecessor-version":[{"id":6008,"href":"https:\/\/alcotrade.hu\/en\/wp-json\/wp\/v2\/pages\/5893\/revisions\/6008"}],"wp:attachment":[{"href":"https:\/\/alcotrade.hu\/en\/wp-json\/wp\/v2\/media?parent=5893"}],"curies":[{"name":"wp","href":"https:\/\/api.w.org\/{rel}","templated":true}]}}