{"id":5899,"date":"2024-03-13T14:48:23","date_gmt":"2024-03-13T14:48:23","guid":{"rendered":"https:\/\/alcotrade.hu\/?page_id=5899"},"modified":"2024-04-29T09:29:05","modified_gmt":"2024-04-29T09:29:05","slug":"villamosenergia-beszerzes-szolgaltatasok","status":"publish","type":"page","link":"https:\/\/alcotrade.hu\/en\/villamosenergia-beszerzes-szolgaltatasok\/","title":{"rendered":"Villamosenergia-Beszerz\u00e9s Szolg\u00e1ltat\u00e1sok"},"content":{"rendered":"<div id=\"fws_69e4056fa177f\"  data-column-margin=\"none\" data-midnight=\"dark\" data-top-percent=\"2%\" data-bottom-percent=\"2%\"  class=\"wpb_row vc_row-fluid vc_row full-width-content vc_row-o-equal-height vc_row-flex vc_row-o-content-middle  right_padding_7pct left_padding_7pct reverse_columns_column_tablet reverse_columns_column_phone\"  style=\"padding-top: calc(100vw * 0.02); padding-bottom: calc(100vw * 0.02); \"><div class=\"row-bg-wrap\" data-bg-animation=\"none\" data-bg-animation-delay=\"\" data-bg-overlay=\"false\"><div class=\"inner-wrap row-bg-layer\" ><div class=\"row-bg viewport-desktop\"  style=\"\"><\/div><\/div><\/div><div class=\"row_col_wrap_12 col span_12 dark left\">\n\t<div  class=\"vc_col-sm-12 wpb_column column_container vc_column_container col column_position_static el_spacing_30px left_padding_tablet_7vw right_padding_desktop_7vw right_padding_tablet_0px\"  data-padding-pos=\"all\" data-has-bg-color=\"false\" data-bg-color=\"\" data-bg-opacity=\"1\" data-animation=\"\" data-delay=\"0\" >\n\t\t<div class=\"vc_column-inner\" >\n\t\t\t<div class=\"wpb_wrapper\">\n\t\t\t\t\n<div class=\"wpb_text_column wpb_content_element\" >\n\t<div class=\"wpb_wrapper\">\n\t\t<p style=\"text-align: justify;\">In the wake of the events in energy markets of recent years (energy crisis, increased energy prices), businesses and institutions pay more and more attention to their energy-related expenses. Electricity is a significant cost each month, so it is necessarily crucial to enter into a contract for power supply on terms that are favourable to you to also ensure all your operations in a rapidly changing market environment.<\/p>\n<p style=\"text-align: justify;\"><strong>OUR GOAL IS TO FIND YOU THE BEST PRICE LEVEL ON THE MARKET<\/strong><\/p>\n<p style=\"text-align: justify;\">With the help of the right market information and by exploiting the portfolio effect of the consumption of more users, we can achieve more favourable contract terms for electricity supply by leveraging higher volumes.<\/p>\n<p style=\"text-align: justify;\">As part of our service, we are here to help you:<\/p>\n<ul style=\"text-align: justify;\">\n<li>we check the current power purchase agreement of your business\/institution<\/li>\n<li>we assess your needs, and set out the terms of the request for proposal<\/li>\n<li>we manage the entire tendering process, including communications with the bidders<\/li>\n<li>we develop a fair competition between energy trading companies and evaluate the bids<\/li>\n<li>we provide a conclusional statement to help you choose the most suitable scheme or contract<\/li>\n<li>we take care of the entire contract management and help you with the administration in case of changing of the energy trader<\/li>\n<\/ul>\n<p style=\"text-align: justify;\" class=\"translation-block\">This will save you time and energy and possibly money for your business or institution, in addition,\nwe take all the administrative burden and inconvenience that comes to you of this process.<\/p>\n<p style=\"text-align: justify;\">The exact details of the service will be defined in our agreement.<\/p>\n<p style=\"text-align: justify;\" class=\"translation-block\">You will find our offer under Our offers section.<\/p>\n<p style=\"text-align: justify;\" class=\"translation-block\">If you are interested in our services, please contact us via the <a href=\"\/en\/kapcsolat\" target=\"_self\">Contact<\/a> section.<\/p>\n\t<\/div>\n<\/div>\n\n\n\n\n\t\t\t<\/div> \n\t\t<\/div>\n\t<\/div> \n<\/div><\/div>","protected":false},"excerpt":{"rendered":"Az elm\u00falt \u00e9vekben tapasztalt energiapiaci esem\u00e9nyek (energiav\u00e1ls\u00e1g, energia\u00e1r-robban\u00e1s) hat\u00e1s\u00e1ra a v\u00e1llalkoz\u00e1sok, int\u00e9zm\u00e9nyek mind nagyobb figyelmet ford\u00edtanak az ezzel kapcsolatos kiad\u00e1saikra. A villamos energia jelent\u0151s k\u00f6lts\u00e9g...","protected":false},"author":1,"featured_media":0,"parent":0,"menu_order":0,"comment_status":"closed","ping_status":"closed","template":"","meta":{"footnotes":""},"class_list":["post-5899","page","type-page","status-publish"],"_links":{"self":[{"href":"https:\/\/alcotrade.hu\/en\/wp-json\/wp\/v2\/pages\/5899","targetHints":{"allow":["GET"]}}],"collection":[{"href":"https:\/\/alcotrade.hu\/en\/wp-json\/wp\/v2\/pages"}],"about":[{"href":"https:\/\/alcotrade.hu\/en\/wp-json\/wp\/v2\/types\/page"}],"author":[{"embeddable":true,"href":"https:\/\/alcotrade.hu\/en\/wp-json\/wp\/v2\/users\/1"}],"replies":[{"embeddable":true,"href":"https:\/\/alcotrade.hu\/en\/wp-json\/wp\/v2\/comments?post=5899"}],"version-history":[{"count":7,"href":"https:\/\/alcotrade.hu\/en\/wp-json\/wp\/v2\/pages\/5899\/revisions"}],"predecessor-version":[{"id":6010,"href":"https:\/\/alcotrade.hu\/en\/wp-json\/wp\/v2\/pages\/5899\/revisions\/6010"}],"wp:attachment":[{"href":"https:\/\/alcotrade.hu\/en\/wp-json\/wp\/v2\/media?parent=5899"}],"curies":[{"name":"wp","href":"https:\/\/api.w.org\/{rel}","templated":true}]}}