{"id":5905,"date":"2024-03-13T14:50:52","date_gmt":"2024-03-13T14:50:52","guid":{"rendered":"https:\/\/alcotrade.hu\/?page_id=5905"},"modified":"2024-04-29T09:30:10","modified_gmt":"2024-04-29T09:30:10","slug":"vallalkozasok-szolg","status":"publish","type":"page","link":"https:\/\/alcotrade.hu\/en\/vallalkozasok-szolg\/","title":{"rendered":"V\u00e1llalkoz\u00e1sok Szolg"},"content":{"rendered":"<div id=\"fws_69e401b7d60b9\"  data-column-margin=\"none\" data-midnight=\"dark\" data-top-percent=\"2%\" data-bottom-percent=\"2%\"  class=\"wpb_row vc_row-fluid vc_row full-width-content vc_row-o-equal-height vc_row-flex vc_row-o-content-middle  right_padding_7pct left_padding_7pct reverse_columns_column_tablet reverse_columns_column_phone\"  style=\"padding-top: calc(100vw * 0.02); padding-bottom: calc(100vw * 0.02); \"><div class=\"row-bg-wrap\" data-bg-animation=\"none\" data-bg-animation-delay=\"\" data-bg-overlay=\"false\"><div class=\"inner-wrap row-bg-layer\" ><div class=\"row-bg viewport-desktop\"  style=\"\"><\/div><\/div><\/div><div class=\"row_col_wrap_12 col span_12 dark left\">\n\t<div  class=\"vc_col-sm-12 wpb_column column_container vc_column_container col column_position_static el_spacing_30px left_padding_tablet_7vw right_padding_desktop_7vw right_padding_tablet_0px\"  data-padding-pos=\"all\" data-has-bg-color=\"false\" data-bg-color=\"\" data-bg-opacity=\"1\" data-animation=\"\" data-delay=\"0\" >\n\t\t<div class=\"vc_column-inner\" >\n\t\t\t<div class=\"wpb_wrapper\">\n\t\t\t\t\n<div class=\"wpb_text_column wpb_content_element\" >\n\t<div class=\"wpb_wrapper\">\n\t\t<p style=\"text-align: justify;\">Based on our experience in the industry, we have seen that for years it has become a particularly difficult and nerve-wracking task for the owners of renewable power plants to enter into contracts for auxiliary power supply. Our service can even achieve more favourable contract terms for the purchase of electricity for auxiliary power supply \u2013 in case of exploiting the portfolio effect created by the consumption of several power plants - by leveraging higher volumes.<\/p>\n<p style=\"text-align: justify;\"><strong>OUR GOAL IS TO FIND YOU THE BEST PRICE LEVEL ON THE MARKET AND TO HELP YOU TO PROVIDE THE ENERGY SUPPLY FOR THE PROPER WORKING OF YOUR POWER PLANT<\/strong><\/p>\n<p style=\"text-align: justify;\">As part of our service, we are here to help you:<\/p>\n<ul style=\"text-align: justify;\">\n<li>we manage the entire tendering process, including communications with the bidders<\/li>\n<li>we evaluate the bids and prepare a conclusional statement for you<\/li>\n<li>we take care of the entire contract management and help you with the administration in case of changing of the energy trader<\/li>\n<\/ul>\n<p style=\"text-align: justify;\" class=\"translation-block\">This will save you time and energy and possibly money for your business or institution, in addition,\nwe take all the administrative burden and inconvenience that comes to you of this process.<\/p>\n<p style=\"text-align: justify;\">The exact details of the service will be defined in our agreement.<\/p>\n<p style=\"text-align: justify;\" class=\"translation-block\">You will find our offer under Our offers section.<\/p>\n<p style=\"text-align: justify;\" class=\"translation-block\">If you are interested in our services, please contact us via the <a href=\"\/en\/kapcsolat\" target=\"_self\">Contact<\/a> section.<\/p>\n\t<\/div>\n<\/div>\n\n\n\n\n\t\t\t<\/div> \n\t\t<\/div>\n\t<\/div> \n<\/div><\/div>","protected":false},"excerpt":{"rendered":"Ipar\u00e1gi tapasztalataink alapj\u00e1n \u00fagy l\u00e1tjuk, hogy a meg\u00fajul\u00f3 er\u0151forr\u00e1sb\u00f3l termel\u0151 er\u0151m\u0171vek tulajdonosai sz\u00e1m\u00e1ra \u00e9vek \u00f3ta kifejezetten neh\u00e9z \u00e9s ideg\u0151rl\u0151 feladat a seg\u00e9d\u00fczemi v\u00e9telez\u00e9sre vonatkoz\u00f3 szerz\u0151d\u00e9sek...","protected":false},"author":1,"featured_media":0,"parent":0,"menu_order":0,"comment_status":"closed","ping_status":"closed","template":"","meta":{"footnotes":""},"class_list":["post-5905","page","type-page","status-publish"],"_links":{"self":[{"href":"https:\/\/alcotrade.hu\/en\/wp-json\/wp\/v2\/pages\/5905","targetHints":{"allow":["GET"]}}],"collection":[{"href":"https:\/\/alcotrade.hu\/en\/wp-json\/wp\/v2\/pages"}],"about":[{"href":"https:\/\/alcotrade.hu\/en\/wp-json\/wp\/v2\/types\/page"}],"author":[{"embeddable":true,"href":"https:\/\/alcotrade.hu\/en\/wp-json\/wp\/v2\/users\/1"}],"replies":[{"embeddable":true,"href":"https:\/\/alcotrade.hu\/en\/wp-json\/wp\/v2\/comments?post=5905"}],"version-history":[{"count":7,"href":"https:\/\/alcotrade.hu\/en\/wp-json\/wp\/v2\/pages\/5905\/revisions"}],"predecessor-version":[{"id":6011,"href":"https:\/\/alcotrade.hu\/en\/wp-json\/wp\/v2\/pages\/5905\/revisions\/6011"}],"wp:attachment":[{"href":"https:\/\/alcotrade.hu\/en\/wp-json\/wp\/v2\/media?parent=5905"}],"curies":[{"name":"wp","href":"https:\/\/api.w.org\/{rel}","templated":true}]}}